
{"id":78,"date":"2018-02-17T19:16:05","date_gmt":"2018-02-17T18:16:05","guid":{"rendered":"https:\/\/test.wsfc.fr\/index.php\/produit\/import-placeholder-for-877\/"},"modified":"2018-02-18T03:10:54","modified_gmt":"2018-02-18T02:10:54","slug":"jeu-de-societe","status":"publish","type":"product","link":"https:\/\/test.wsfc.fr\/index.php\/produit\/jeu-de-societe\/","title":{"rendered":"JEU DE SOCIETE"},"content":{"rendered":"<p>30\u20ac prix TTC<\/p>\n<p>A retirer \u00e0 Abu Dhabi lors des finales pour toute pr\u00e9commande pass\u00e9 avant le 22 septembre<br \/>\nAutrement, le jeu sera disponible en livraison \u00e0 partir de novembre 2017.<\/p>\n","protected":false},"excerpt":{"rendered":"<p>30\u20ac prix TTC A retirer \u00e0 Abu Dhabi lors des finales pour toute pr\u00e9commande pass\u00e9 avant le 22 septembre Autrement, le jeu sera disponible en livraison \u00e0 partir de novembre 2017.<\/p>\n","protected":false},"featured_media":146,"template":"","meta":[],"_links":{"self":[{"href":"https:\/\/test.wsfc.fr\/index.php\/wp-json\/wp\/v2\/product\/78"}],"collection":[{"href":"https:\/\/test.wsfc.fr\/index.php\/wp-json\/wp\/v2\/product"}],"about":[{"href":"https:\/\/test.wsfc.fr\/index.php\/wp-json\/wp\/v2\/types\/product"}],"wp:featuredmedia":[{"embeddable":true,"href":"https:\/\/test.wsfc.fr\/index.php\/wp-json\/wp\/v2\/media\/146"}],"wp:attachment":[{"href":"https:\/\/test.wsfc.fr\/index.php\/wp-json\/wp\/v2\/media?parent=78"}],"curies":[{"name":"wp","href":"https:\/\/api.w.org\/{rel}","templated":true}]}}