
{"id":77,"date":"2018-02-17T19:16:04","date_gmt":"2018-02-17T18:16:04","guid":{"rendered":"https:\/\/test.wsfc.fr\/index.php\/produit\/import-placeholder-for-867\/"},"modified":"2024-09-02T23:26:31","modified_gmt":"2024-09-02T22:26:31","slug":"kit-de-supporter","status":"publish","type":"product","link":"https:\/\/test.wsfc.fr\/index.php\/produit\/kit-de-supporter\/","title":{"rendered":"Kit de supporter"},"content":{"rendered":"<p>KIT SUPPORTER<\/p>\n<p>Cet ann\u00e9e l&rsquo;association vous a concoct\u00e9 le kit du supporter.<br \/>\nInclus dans les pack voyage Worldskills France. Ils sont \u00e9galement disponible \u00e0 la vente. A r\u00e9cup\u00e9rer \u00e0 Abu Dhabi.<\/p>\n<p>Il est compos\u00e9 d&rsquo;un sac Quechua* contenant :<br \/>\n&#8211; Un T-shirt WorldSkills France*<br \/>\n&#8211; Une paire de lunette<br \/>\n&#8211; Un stick de maquillage tricolore*<br \/>\n&#8211; Un \u00e9ventail*<br \/>\n&#8211; 2 petits drapeaux<br \/>\n&#8211; 2 paires de TAP-TAP<br \/>\n&#8211; Un bracelet*<br \/>\n&#8211; Un foulard pour les femmes et une casquette pour les hommes.<\/p>\n<p>*Disponible aussi hors kit (voir boutique)<\/p>\n<p>60\u20ac seulement si achat de 2 kits ou plus.<br \/>\nA r\u00e9cup\u00e9rer \u00e0 Abu-Dhabi<\/p>\n","protected":false},"excerpt":{"rendered":"<p>KIT SUPPORTER Cet ann\u00e9e l&rsquo;association vous a concoct\u00e9 le kit du supporter. Inclus dans les pack voyage Worldskills France. Ils sont \u00e9galement disponible \u00e0 la vente. A r\u00e9cup\u00e9rer \u00e0 Abu Dhabi. Il est compos\u00e9 d&rsquo;un sac Quechua* contenant : &#8211; Un T-shirt WorldSkills France* &#8211; Une paire de lunette &#8211; Un stick de maquillage tricolore* [&hellip;]<\/p>\n","protected":false},"featured_media":147,"template":"","meta":[],"_links":{"self":[{"href":"https:\/\/test.wsfc.fr\/index.php\/wp-json\/wp\/v2\/product\/77"}],"collection":[{"href":"https:\/\/test.wsfc.fr\/index.php\/wp-json\/wp\/v2\/product"}],"about":[{"href":"https:\/\/test.wsfc.fr\/index.php\/wp-json\/wp\/v2\/types\/product"}],"wp:featuredmedia":[{"embeddable":true,"href":"https:\/\/test.wsfc.fr\/index.php\/wp-json\/wp\/v2\/media\/147"}],"wp:attachment":[{"href":"https:\/\/test.wsfc.fr\/index.php\/wp-json\/wp\/v2\/media?parent=77"}],"curies":[{"name":"wp","href":"https:\/\/api.w.org\/{rel}","templated":true}]}}