
{"id":76,"date":"2018-02-17T19:16:02","date_gmt":"2018-02-17T18:16:02","guid":{"rendered":"https:\/\/test.wsfc.fr\/index.php\/produit\/import-placeholder-for-866\/"},"modified":"2018-02-18T10:12:50","modified_gmt":"2018-02-18T09:12:50","slug":"drapeau-france","status":"publish","type":"product","link":"https:\/\/test.wsfc.fr\/index.php\/produit\/drapeau-france\/","title":{"rendered":"Drapeau France"},"content":{"rendered":"<p>Drapeau de 60x90cm<\/p>\n<p>A r\u00e9cup\u00e9rer \u00e0 Abu Dhabi<\/p>\n","protected":false},"excerpt":{"rendered":"<p>Drapeau de 60x90cm A r\u00e9cup\u00e9rer \u00e0 Abu Dhabi<\/p>\n","protected":false},"featured_media":150,"template":"","meta":[],"_links":{"self":[{"href":"https:\/\/test.wsfc.fr\/index.php\/wp-json\/wp\/v2\/product\/76"}],"collection":[{"href":"https:\/\/test.wsfc.fr\/index.php\/wp-json\/wp\/v2\/product"}],"about":[{"href":"https:\/\/test.wsfc.fr\/index.php\/wp-json\/wp\/v2\/types\/product"}],"wp:featuredmedia":[{"embeddable":true,"href":"https:\/\/test.wsfc.fr\/index.php\/wp-json\/wp\/v2\/media\/150"}],"wp:attachment":[{"href":"https:\/\/test.wsfc.fr\/index.php\/wp-json\/wp\/v2\/media?parent=76"}],"curies":[{"name":"wp","href":"https:\/\/api.w.org\/{rel}","templated":true}]}}