
{"id":75,"date":"2018-02-17T19:16:01","date_gmt":"2018-02-17T18:16:01","guid":{"rendered":"https:\/\/test.wsfc.fr\/index.php\/produit\/import-placeholder-for-864\/"},"modified":"2023-11-03T04:57:54","modified_gmt":"2023-11-03T03:57:54","slug":"sac-a-dos-seul","status":"publish","type":"product","link":"https:\/\/test.wsfc.fr\/index.php\/produit\/sac-a-dos-seul\/","title":{"rendered":"Sac \u00e0 dos (seul)"},"content":{"rendered":"<p>Au couleur des WorldSkills<\/p>\n<p>A r\u00e9cup\u00e9rer \u00e0 Abu Dhabi<\/p>\n","protected":false},"excerpt":{"rendered":"<p>Au couleur des WorldSkills A r\u00e9cup\u00e9rer \u00e0 Abu Dhabi<\/p>\n","protected":false},"featured_media":151,"template":"","meta":[],"_links":{"self":[{"href":"https:\/\/test.wsfc.fr\/index.php\/wp-json\/wp\/v2\/product\/75"}],"collection":[{"href":"https:\/\/test.wsfc.fr\/index.php\/wp-json\/wp\/v2\/product"}],"about":[{"href":"https:\/\/test.wsfc.fr\/index.php\/wp-json\/wp\/v2\/types\/product"}],"wp:featuredmedia":[{"embeddable":true,"href":"https:\/\/test.wsfc.fr\/index.php\/wp-json\/wp\/v2\/media\/151"}],"wp:attachment":[{"href":"https:\/\/test.wsfc.fr\/index.php\/wp-json\/wp\/v2\/media?parent=75"}],"curies":[{"name":"wp","href":"https:\/\/api.w.org\/{rel}","templated":true}]}}