
{"id":74,"date":"2018-02-17T19:15:59","date_gmt":"2018-02-17T18:15:59","guid":{"rendered":"https:\/\/test.wsfc.fr\/index.php\/produit\/import-placeholder-for-863\/"},"modified":"2023-11-03T04:57:53","modified_gmt":"2023-11-03T03:57:53","slug":"eventail","status":"publish","type":"product","link":"https:\/\/test.wsfc.fr\/index.php\/produit\/eventail\/","title":{"rendered":"Eventail"},"content":{"rendered":"<p>A r\u00e9cup\u00e9rer \u00e0 Abu Dhabi<\/p>\n","protected":false},"excerpt":{"rendered":"<p>A r\u00e9cup\u00e9rer \u00e0 Abu Dhabi<\/p>\n","protected":false},"featured_media":152,"template":"","meta":[],"_links":{"self":[{"href":"https:\/\/test.wsfc.fr\/index.php\/wp-json\/wp\/v2\/product\/74"}],"collection":[{"href":"https:\/\/test.wsfc.fr\/index.php\/wp-json\/wp\/v2\/product"}],"about":[{"href":"https:\/\/test.wsfc.fr\/index.php\/wp-json\/wp\/v2\/types\/product"}],"wp:featuredmedia":[{"embeddable":true,"href":"https:\/\/test.wsfc.fr\/index.php\/wp-json\/wp\/v2\/media\/152"}],"wp:attachment":[{"href":"https:\/\/test.wsfc.fr\/index.php\/wp-json\/wp\/v2\/media?parent=74"}],"curies":[{"name":"wp","href":"https:\/\/api.w.org\/{rel}","templated":true}]}}