
{"id":73,"date":"2018-02-17T19:15:58","date_gmt":"2018-02-17T18:15:58","guid":{"rendered":"https:\/\/test.wsfc.fr\/index.php\/produit\/import-placeholder-for-861\/"},"modified":"2024-09-08T16:48:22","modified_gmt":"2024-09-08T15:48:22","slug":"bracelet-wsf","status":"publish","type":"product","link":"https:\/\/test.wsfc.fr\/index.php\/produit\/bracelet-wsf\/","title":{"rendered":"Bracelet WSF"},"content":{"rendered":"<p>A r\u00e9cup\u00e9rer \u00e0 Abu Dhabi<\/p>\n","protected":false},"excerpt":{"rendered":"<p>A r\u00e9cup\u00e9rer \u00e0 Abu Dhabi<\/p>\n","protected":false},"featured_media":153,"template":"","meta":[],"_links":{"self":[{"href":"https:\/\/test.wsfc.fr\/index.php\/wp-json\/wp\/v2\/product\/73"}],"collection":[{"href":"https:\/\/test.wsfc.fr\/index.php\/wp-json\/wp\/v2\/product"}],"about":[{"href":"https:\/\/test.wsfc.fr\/index.php\/wp-json\/wp\/v2\/types\/product"}],"wp:featuredmedia":[{"embeddable":true,"href":"https:\/\/test.wsfc.fr\/index.php\/wp-json\/wp\/v2\/media\/153"}],"wp:attachment":[{"href":"https:\/\/test.wsfc.fr\/index.php\/wp-json\/wp\/v2\/media?parent=73"}],"curies":[{"name":"wp","href":"https:\/\/api.w.org\/{rel}","templated":true}]}}