
{"id":72,"date":"2018-02-17T19:15:56","date_gmt":"2018-02-17T18:15:56","guid":{"rendered":"https:\/\/test.wsfc.fr\/index.php\/produit\/import-placeholder-for-857\/"},"modified":"2018-02-18T10:15:16","modified_gmt":"2018-02-18T09:15:16","slug":"maquillage-tricolore","status":"publish","type":"product","link":"https:\/\/test.wsfc.fr\/index.php\/produit\/maquillage-tricolore\/","title":{"rendered":"Maquillage tricolore"},"content":{"rendered":"<p>A r\u00e9cup\u00e9rer \u00e0 Abu Dhabi<\/p>\n","protected":false},"excerpt":{"rendered":"<p>A r\u00e9cup\u00e9rer \u00e0 Abu Dhabi<\/p>\n","protected":false},"featured_media":155,"template":"","meta":[],"_links":{"self":[{"href":"https:\/\/test.wsfc.fr\/index.php\/wp-json\/wp\/v2\/product\/72"}],"collection":[{"href":"https:\/\/test.wsfc.fr\/index.php\/wp-json\/wp\/v2\/product"}],"about":[{"href":"https:\/\/test.wsfc.fr\/index.php\/wp-json\/wp\/v2\/types\/product"}],"wp:featuredmedia":[{"embeddable":true,"href":"https:\/\/test.wsfc.fr\/index.php\/wp-json\/wp\/v2\/media\/155"}],"wp:attachment":[{"href":"https:\/\/test.wsfc.fr\/index.php\/wp-json\/wp\/v2\/media?parent=72"}],"curies":[{"name":"wp","href":"https:\/\/api.w.org\/{rel}","templated":true}]}}