
{"id":57,"date":"2018-02-17T19:15:18","date_gmt":"2018-02-17T18:15:18","guid":{"rendered":"https:\/\/test.wsfc.fr\/index.php\/produit\/import-placeholder-for-829\/"},"modified":"2024-09-08T16:48:23","modified_gmt":"2024-09-08T15:48:23","slug":"polos-france","status":"publish","type":"product","link":"https:\/\/test.wsfc.fr\/index.php\/produit\/polos-france\/","title":{"rendered":"Polos France"},"content":{"rendered":"<p>Les Polos WorldSkills France.<br \/>\nR\u00e9servez-le votre !!!<br \/>\nA r\u00e9cup\u00e9rer gratuitement \u00e0 Abu Dhabi.<br \/>\nOu apr\u00e8s par livraison.<br \/>\nPolos \u00e0 20\u20ac seulement si achat de plus d&rsquo;un article (nous contacter par mail contact@wsfc.fr)<\/p>\n","protected":false},"excerpt":{"rendered":"<p>Les Polos WorldSkills France. R\u00e9servez-le votre !!! A r\u00e9cup\u00e9rer gratuitement \u00e0 Abu Dhabi. Ou apr\u00e8s par livraison. Polos \u00e0 20\u20ac seulement si achat de plus d&rsquo;un article (nous contacter par mail contact@wsfc.fr)<\/p>\n","protected":false},"featured_media":148,"template":"","meta":[],"_links":{"self":[{"href":"https:\/\/test.wsfc.fr\/index.php\/wp-json\/wp\/v2\/product\/57"}],"collection":[{"href":"https:\/\/test.wsfc.fr\/index.php\/wp-json\/wp\/v2\/product"}],"about":[{"href":"https:\/\/test.wsfc.fr\/index.php\/wp-json\/wp\/v2\/types\/product"}],"wp:featuredmedia":[{"embeddable":true,"href":"https:\/\/test.wsfc.fr\/index.php\/wp-json\/wp\/v2\/media\/148"}],"wp:attachment":[{"href":"https:\/\/test.wsfc.fr\/index.php\/wp-json\/wp\/v2\/media?parent=57"}],"curies":[{"name":"wp","href":"https:\/\/api.w.org\/{rel}","templated":true}]}}