
{"id":46,"date":"2018-02-17T19:14:58","date_gmt":"2018-02-17T18:14:58","guid":{"rendered":"https:\/\/test.wsfc.fr\/index.php\/produit\/import-placeholder-for-86\/"},"modified":"2025-03-12T22:18:52","modified_gmt":"2025-03-12T21:18:52","slug":"t-shirt-france","status":"publish","type":"product","link":"https:\/\/test.wsfc.fr\/index.php\/produit\/t-shirt-france\/","title":{"rendered":"T-Shirt FRANCE"},"content":{"rendered":"<p>Les T-shirts&#8230;Article en pr\u00e9commande &#8211; Livr\u00e9 \u00e0 Abu Dhabi ou apr\u00e8s, chez vous !<\/p>\n","protected":false},"excerpt":{"rendered":"<p>Les T-shirts&#8230;Article en pr\u00e9commande &#8211; Livr\u00e9 \u00e0 Abu Dhabi ou apr\u00e8s, chez vous !<\/p>\n","protected":false},"featured_media":154,"template":"","meta":[],"_links":{"self":[{"href":"https:\/\/test.wsfc.fr\/index.php\/wp-json\/wp\/v2\/product\/46"}],"collection":[{"href":"https:\/\/test.wsfc.fr\/index.php\/wp-json\/wp\/v2\/product"}],"about":[{"href":"https:\/\/test.wsfc.fr\/index.php\/wp-json\/wp\/v2\/types\/product"}],"wp:featuredmedia":[{"embeddable":true,"href":"https:\/\/test.wsfc.fr\/index.php\/wp-json\/wp\/v2\/media\/154"}],"wp:attachment":[{"href":"https:\/\/test.wsfc.fr\/index.php\/wp-json\/wp\/v2\/media?parent=46"}],"curies":[{"name":"wp","href":"https:\/\/api.w.org\/{rel}","templated":true}]}}