
{"id":33,"date":"2018-02-17T19:14:38","date_gmt":"2018-02-17T18:14:38","guid":{"rendered":"https:\/\/test.wsfc.fr\/index.php\/produit\/import-placeholder-for-9\/"},"modified":"2018-02-18T10:16:13","modified_gmt":"2018-02-18T09:16:13","slug":"havaianas-the-french-touch","status":"publish","type":"product","link":"https:\/\/test.wsfc.fr\/index.php\/produit\/havaianas-the-french-touch\/","title":{"rendered":"Havaianas &#8211; The French Touch"},"content":{"rendered":"<p>Les authentiques tongs br\u00e9siliennes, dessin\u00e9es sp\u00e9cialement \u00e0 l&rsquo;occasion de WorldSkills S\u00e3o Paulo 2015.<\/p>\n<p>De la taille 25 \u00e0 46, ce mod\u00e8le vous suivra partout cet \u00e9t\u00e9, des bords de mer Fran\u00e7ais jusqu&rsquo;aux plages de Copacabana.<br \/>\n&#8211; Fabriqu\u00e9es au Br\u00e9sil.<br \/>\n&#8211; Mati\u00e8re de la semelle\u00a0: caoutchouc.<br \/>\n&#8211; Avantages\u00a0: confortables, solides, l\u00e9g\u00e8res, r\u00e9sistantes \u00e0 la chaleur et \u00e0 l&rsquo;eau, et antid\u00e9rapantes.<\/p>\n","protected":false},"excerpt":{"rendered":"<p>Les authentiques tongs br\u00e9siliennes, dessin\u00e9es sp\u00e9cialement \u00e0 l&rsquo;occasion de WorldSkills S\u00e3o Paulo 2015. De la taille 25 \u00e0 46, ce mod\u00e8le vous suivra partout cet \u00e9t\u00e9, des bords de mer Fran\u00e7ais jusqu&rsquo;aux plages de Copacabana. &#8211; Fabriqu\u00e9es au Br\u00e9sil. &#8211; Mati\u00e8re de la semelle\u00a0: caoutchouc. &#8211; Avantages\u00a0: confortables, solides, l\u00e9g\u00e8res, r\u00e9sistantes \u00e0 la chaleur et [&hellip;]<\/p>\n","protected":false},"featured_media":157,"template":"","meta":[],"_links":{"self":[{"href":"https:\/\/test.wsfc.fr\/index.php\/wp-json\/wp\/v2\/product\/33"}],"collection":[{"href":"https:\/\/test.wsfc.fr\/index.php\/wp-json\/wp\/v2\/product"}],"about":[{"href":"https:\/\/test.wsfc.fr\/index.php\/wp-json\/wp\/v2\/types\/product"}],"wp:featuredmedia":[{"embeddable":true,"href":"https:\/\/test.wsfc.fr\/index.php\/wp-json\/wp\/v2\/media\/157"}],"wp:attachment":[{"href":"https:\/\/test.wsfc.fr\/index.php\/wp-json\/wp\/v2\/media?parent=33"}],"curies":[{"name":"wp","href":"https:\/\/api.w.org\/{rel}","templated":true}]}}