
{"id":95,"date":"2018-02-17T22:29:15","date_gmt":"2018-02-17T21:29:15","guid":{"rendered":"https:\/\/test.wsfc.fr\/?page_id=95"},"modified":"2018-04-02T18:34:21","modified_gmt":"2018-04-02T17:34:21","slug":"demande-dintervention","status":"publish","type":"page","link":"https:\/\/test.wsfc.fr\/index.php\/sample-page\/demande-dintervention\/","title":{"rendered":"Demande d&rsquo;intervention"},"content":{"rendered":"<div>Vous avez d\u00e9j\u00e0 entendu parler de WorldSkills, aussi connu sous le nom de Olympiades des m\u00e9tiers.<\/div>\n<div>Qui de mieux qu&rsquo;un ancien comp\u00e9titeur pour en parler ?<\/div>\n<div>\n<p>Dans notre souhait de promotion de cette comp\u00e9tition, mais aussi de notre savoir faire, nous faisons notre possible \u00e0 travers la France pour vous trouver le meilleur interlocuteur et partager notre exp\u00e9rience.<\/p>\n<\/div>\n<div>Que ce soit \u00e0 l&rsquo;\u00e9cole, dans votre \u00e9tablissement, lors de salon ou tout autre \u00e9v\u00e8nement qui s&rsquo;y pr\u00eate.<\/div>\n<div>\n<p>Afin de donner envie aux jeunes d&rsquo;essayer. Afin de pr\u00e9senter un championnat par des champions. Afin de montrer aux gens qu&rsquo;on peux r\u00e9ussir.<\/p>\n<\/div>\n<div>Contactez nous:\u00a0<strong>contact@wsfc.fr<\/strong><\/div>\n<p>&nbsp;<\/p>\n","protected":false},"excerpt":{"rendered":"<p>Vous avez d\u00e9j\u00e0 entendu parler de WorldSkills, aussi connu sous le nom de Olympiades des m\u00e9tiers. Qui de mieux qu&rsquo;un ancien comp\u00e9titeur pour en parler ? Dans notre souhait de promotion de cette comp\u00e9tition, mais aussi de notre savoir faire, nous faisons notre possible \u00e0 travers la France pour vous trouver le meilleur interlocuteur et [&hellip;]<\/p>\n","protected":false},"author":3,"featured_media":0,"parent":2,"menu_order":0,"comment_status":"closed","ping_status":"closed","template":"","meta":[],"_links":{"self":[{"href":"https:\/\/test.wsfc.fr\/index.php\/wp-json\/wp\/v2\/pages\/95"}],"collection":[{"href":"https:\/\/test.wsfc.fr\/index.php\/wp-json\/wp\/v2\/pages"}],"about":[{"href":"https:\/\/test.wsfc.fr\/index.php\/wp-json\/wp\/v2\/types\/page"}],"author":[{"embeddable":true,"href":"https:\/\/test.wsfc.fr\/index.php\/wp-json\/wp\/v2\/users\/3"}],"replies":[{"embeddable":true,"href":"https:\/\/test.wsfc.fr\/index.php\/wp-json\/wp\/v2\/comments?post=95"}],"version-history":[{"count":11,"href":"https:\/\/test.wsfc.fr\/index.php\/wp-json\/wp\/v2\/pages\/95\/revisions"}],"predecessor-version":[{"id":258,"href":"https:\/\/test.wsfc.fr\/index.php\/wp-json\/wp\/v2\/pages\/95\/revisions\/258"}],"up":[{"embeddable":true,"href":"https:\/\/test.wsfc.fr\/index.php\/wp-json\/wp\/v2\/pages\/2"}],"wp:attachment":[{"href":"https:\/\/test.wsfc.fr\/index.php\/wp-json\/wp\/v2\/media?parent=95"}],"curies":[{"name":"wp","href":"https:\/\/api.w.org\/{rel}","templated":true}]}}