
{"id":242,"date":"2018-03-13T15:17:26","date_gmt":"2018-03-13T14:17:26","guid":{"rendered":"https:\/\/test.wsfc.fr\/?page_id=242"},"modified":"2018-03-13T15:17:26","modified_gmt":"2018-03-13T14:17:26","slug":"cgu-cgv","status":"publish","type":"page","link":"https:\/\/test.wsfc.fr\/index.php\/cgu-cgv\/","title":{"rendered":"CGU\/CGV"},"content":{"rendered":"<p>Conditions g\u00e9n\u00e9rales d\u2019utilisation et de vente WorldSkills France Champions<\/p>\n<p>Bienvenue sur le site www.wsfc.fr , L\u2019association des anciens champions et experts des olympiades des m\u00e9tiers.<\/p>\n<p>Nous vous invitons \u00e0 lire attentivement les pr\u00e9sentes conditions g\u00e9n\u00e9rales d\u2019utilisation et les conditions g\u00e9n\u00e9rales de vente et (Ci-apr\u00e8s d\u00e9nomm\u00e9es les \u00ab CGU\/CGV \u00bb) ainsi que notre politique de protection des donn\u00e9es personnelles pour pouvoir naviguer et commander sur notre site internet.<br \/>\nL\u2019Utilisateur, personne physique, client ou non, est inform\u00e9 qu\u2019il est tenu par les pr\u00e9sentes.<br \/>\nL\u2019utilisation des services de notre site, ainsi que toute commande implique l\u2019acceptation pr\u00e9alable, pleine et enti\u00e8re des pr\u00e9sentes CGU\/CGV et de notre politique de protection de donn\u00e9es personnelles dont vous reconnaissez avoir pris connaissance.<\/p>\n<p>&nbsp;<\/p>\n<p><strong>I. LES MENTIONS LEGALES<\/strong><\/p>\n<p>Le site Internet www.wsfc.fr est \u00e9dit\u00e9 par l\u2019association WorldSkills France Champions dont le si\u00e8ge social est situ\u00e9 7 rue d\u2019Argout, 75002 Paris, France, inscrite \u00e0 l\u2019INPI sous le num\u00e9ro 14\/4108 638 \/ AG.<br \/>\nE-mail : contact@wsfc.fr<br \/>\nH\u00e9bergement : OVH<\/p>\n<p>&nbsp;<\/p>\n<p><strong>II. CONDITIONS GENERALES D\u2019UTILISATION<\/strong><\/p>\n<p>Tout acc\u00e8s et\/ou utilisation du site www.wsfc.fr implique le respect de l\u2019ensemble des dispositions des pr\u00e9sentes conditions g\u00e9n\u00e9rales et leur acceptation. Elles constituent donc un contrat entre l\u2019association WorldSkills France Champions et l\u2019Utilisateur\/ le Client.<\/p>\n<p><em><strong>D\u00e9finitions<\/strong><\/em><\/p>\n<p>Client : s\u2019entend comme toute personne physique qui agit \u00e0 des fins qui n\u2019entrent pas dans le cadre de son activit\u00e9 commerciale, industrielle, artisanale ou lib\u00e9rale, \u00e2g\u00e9e au moins de 18 ans et ayant command\u00e9 au moins une fois sur le Site.<br \/>\nIdentifiant : s\u2019entend comme l\u2019adresse e-mail n\u00e9cessaire \u00e0 l\u2019identification d\u2019un Utilisateur sur le Site pour acc\u00e9der \u00e0 son compte.<\/p>\n<p>Mot de passe : s\u2019entend comme la succession de caract\u00e8res dont l\u2019Utilisateur doit garder le secret et lui permettant, avec son Identifiant, d\u2019acc\u00e9der \u00e0 son compte.<\/p>\n<p>Site : www.wsfc.fr<\/p>\n<p>Utilisateur : L\u2019Utilisateur s\u2019entend comme toute personne utilisant le site www.wsfc.fr ou l\u2019un des services propos\u00e9s sur celui-ci.<\/p>\n<p>Utilisateur identifi\u00e9 : L\u2019Utilisateur s\u2019entend comme toute personne utilisant le site www.wsfc.fr ou l\u2019un des services propos\u00e9s sur celui-ci et poss\u00e9dant un compte WSFC.<br \/>\n<strong><br \/>\n<em>Conditions d\u2019acc\u00e8s et utilisation du Site<\/em><\/strong><\/p>\n<p>Le Site est accessible gratuitement \u00e0 tout Utilisateur disposant d\u2019un acc\u00e8s \u00e0 internet.<\/p>\n<p>L\u2019Utilisateur est responsable de son \u00e9quipement informatique ainsi que de son acc\u00e8s \u00e0 internet. Tous les co\u00fbts relatifs \u00e0 l\u2019acc\u00e8s au Site restent \u00e0 la charge de l\u2019Utilisateur\/Client.<\/p>\n<p>L\u2019Utilisateur ne pourra acc\u00e9der \u00e0 son compte qu\u2019apr\u00e8s identification \u00e0 l\u2019aide de son Identifiant et de son Mot de passe. L\u2019Utilisateur est tenu de garder secret ses Identifiant et Mot de passe et ne doit pas les communiquer \u00e0 un tiers.<\/p>\n<p>L\u2019association WSFC mettra en \u0153uvre tous les moyens afin d\u2019assurer un acc\u00e8s au Site 7 jours\/7, mais ne peut \u00eatre tenue responsable de tout probl\u00e8me, dysfonctionnement du Site qui emp\u00eacherait tout acc\u00e8s au Site et\/ou aux diff\u00e9rents services propos\u00e9s. WSFC fera son possible afin de r\u00e9soudre tout probl\u00e8me dans les meilleurs d\u00e9lais.<\/p>\n<p><em><strong>Cr\u00e9ation de compte<\/strong><\/em><\/p>\n<p>Afin de cr\u00e9er un compte, il faut remplir les crit\u00e8res suivants :<br \/>\n\u2013 avoir particip\u00e9 et remport\u00e9 une m\u00e9daille aux Finales Nationales des Olympiades des M\u00e9tiers OU \u00eatre ou avoir \u00e9t\u00e9 expert aupr\u00e8s de WorldSkills France<br \/>\n\u2013 \u00eatre agr\u00e9\u00e9 par le Bureau WorldSkills France Champions<br \/>\n\u2013 s\u2019acquitter d\u2019une cotisation initiale dont le montant est fix\u00e9 par le Bureau WorldSkills France Champions.<br \/>\nWorldSkills France Champions se r\u00e9serve le droit d\u2019int\u00e9grer des membres bienfaiteurs, c\u2019est-\u00e0-dire des personnes physiques qui ont rendu des services \u00e0 WorldSkills France Champions et qui ont contribu\u00e9 \u00e0 la promotion des m\u00e9tiers ainsi qu\u2019au rayonnement de l\u2019esprit des Olympiades des M\u00e9tiers.<\/p>\n<p>WorldSkills France Champions se r\u00e9serve \u00e9galement la possibilit\u00e9 de refuser des adh\u00e9rents avec avis motiv\u00e9 qui sera adress\u00e9 aux int\u00e9ress\u00e9s.<\/p>\n<p>En cr\u00e9ant son compte, l\u2019Utilisateur accepte les pr\u00e9sentes CGU\/CGV et notre politique de protection de donn\u00e9es personnelles.<br \/>\nChaque Utilisateur ne peut cr\u00e9er qu\u2019un seul compte<\/p>\n<p>Les champs pr\u00e9sents dans le formulaire d\u2019adh\u00e9sion doivent \u00eatre renseign\u00e9s \u00e0 l\u2019exception des champs non-indiqu\u00e9s comme obligatoires.<\/p>\n<p>Lorsque l\u2019Utilisateur cr\u00e9e un compte sur le Site, il re\u00e7oit un e-mail de confirmation de demande d\u2019inscription le jour-m\u00eame.<\/p>\n<p>&nbsp;<\/p>\n<p><strong>III. CONDITIONS GENERALES DE VENTE<\/strong><\/p>\n<p>Les Conditions G\u00e9n\u00e9rales de Vente d\u00e9finissent les conditions applicables aux ventes conclues entre d\u2019une part les personnes effectuant un achat via le site Internet de WorldSkills France Champions www.wsfc.fr, ci-apr\u00e8s d\u00e9nomm\u00e9es \u00ab\u00a0le Client\u00a0\u00bb et d\u2019autre part l\u2019association WorldSkills France Champions, ci-apr\u00e8s d\u00e9nomm\u00e9e \u00ab Wsfc.fr\u00bb.<\/p>\n<p><strong><em>Prix des articles<\/em><\/strong><\/p>\n<p>Tous les prix sont indiqu\u00e9s en euros toutes taxes comprises hors participation aux frais d\u2019exp\u00e9dition.<\/p>\n<p>Les articles seront factur\u00e9s sur la base des tarifs en vigueur au moment de l\u2019enregistrement des commandes. Ils demeurent la propri\u00e9t\u00e9 de Wsfc.fr jusqu\u2019au complet encaissement du prix par Wsfc.fr. Ce prix est payable en totalit\u00e9 et en un seul versement.<br \/>\n<em><br \/>\n<strong>Commande<\/strong><\/em><\/p>\n<p>Le client peut passer commande sur le site Internet www.wsfc.fr \u00e0 tout moment.<\/p>\n<p>Le processus de commande est le suivant :<br \/>\n\u2013 Choix des articles et ajout au panier<br \/>\n\u2013 Validation du contenu du panier<br \/>\n\u2013 Choix du mode de livraison<br \/>\n\u2013 Paiement et acceptation des CGV<br \/>\n\u2013 Validation du paiement<\/p>\n<p>Le client recevra un e-mail de confirmation de commande.<\/p>\n<p>Le client pourra visualiser lors de ces diff\u00e9rentes \u00e9tapes le d\u00e9tail de sa commande et son prix total et corriger d\u2019\u00e9ventuelles erreurs, avant de confirmer celle-ci pour exprimer son acceptation.<\/p>\n<p>Wsfc.fr se r\u00e9serve la propri\u00e9t\u00e9 des articles jusqu\u2019au r\u00e8glement complet de la commande, c\u2019est-\u00e0-dire \u00e0 l\u2019encaissement du prix de la commande.<\/p>\n<p>Wsfc.fr se r\u00e9serve le droit d\u2019annuler ou de refuser toute commande d\u2019un client avec lequel il existerait un litige relatif au paiement d\u2019une commande ant\u00e9rieure ou qui pr\u00e9senterait \u00e0 ses yeux une quelconque forme de risque.<\/p>\n<p>Toute commande vaut acceptation des prix et description des articles disponibles \u00e0 la vente.<\/p>\n<p>Wsfc.fr s\u2019engage \u00e0 honorer les commandes re\u00e7ues sur le site Internet uniquement dans la limite des stocks disponibles.<\/p>\n<p>A d\u00e9faut de disponibilit\u00e9 d\u2019un ou plusieurs article(s) command\u00e9(s), Wsfc.fr s\u2019engage \u00e0 en informer le client dans les plus brefs d\u00e9lais, et le cas \u00e9ch\u00e9ant \u00e0 le rembourser. La commande du client sera alors automatiquement annul\u00e9e.<\/p>\n<p><strong><em>Exp\u00e9dition et Livraison<\/em><\/strong><\/p>\n<p>2 Options :<br \/>\n\u2013 Via relais<br \/>\n\u2013 Retrait : gratuitement lors d\u2019un prochain \u00e9v\u00e8nement (Finales Nationales ou internationales et Week-end Festif)<\/p>\n<p>Le client est tenu de v\u00e9rifier l\u2019\u00e9tat des articles livr\u00e9s.<\/p>\n<p>Toute anomalie concernant les articles (avarie, article manquant par rapport au bon de commande, colis endommag\u00e9 ou ouvert, article cass\u00e9, d\u00e9fectueux\u2026) devra \u00eatre imp\u00e9rativement indiqu\u00e9e dans les 3 jours suivant la livraison.<\/p>\n<p>Pour toute livraison dans un Relais, le Client devra v\u00e9rifier le contenu du colis ainsi que l\u2019\u00e9tat des articles au point Relais avant de signer tout bordereau de remise (papier ou \u00e9lectronique). Tout colis ouvert, incomplet, et\/ou tout article endommag\u00e9 ne devra pas \u00eatre accept\u00e9 par le Client. Le Client informera Wsfc.fr du probl\u00e8me rencontr\u00e9 le jour-m\u00eame.<\/p>\n","protected":false},"excerpt":{"rendered":"<p>Conditions g\u00e9n\u00e9rales d\u2019utilisation et de vente WorldSkills France Champions Bienvenue sur le site www.wsfc.fr , L\u2019association des anciens champions et experts des olympiades des m\u00e9tiers. Nous vous invitons \u00e0 lire attentivement les pr\u00e9sentes conditions g\u00e9n\u00e9rales d\u2019utilisation et les conditions g\u00e9n\u00e9rales de vente et (Ci-apr\u00e8s d\u00e9nomm\u00e9es les \u00ab CGU\/CGV \u00bb) ainsi que notre politique de protection [&hellip;]<\/p>\n","protected":false},"author":3,"featured_media":0,"parent":0,"menu_order":0,"comment_status":"closed","ping_status":"closed","template":"","meta":[],"_links":{"self":[{"href":"https:\/\/test.wsfc.fr\/index.php\/wp-json\/wp\/v2\/pages\/242"}],"collection":[{"href":"https:\/\/test.wsfc.fr\/index.php\/wp-json\/wp\/v2\/pages"}],"about":[{"href":"https:\/\/test.wsfc.fr\/index.php\/wp-json\/wp\/v2\/types\/page"}],"author":[{"embeddable":true,"href":"https:\/\/test.wsfc.fr\/index.php\/wp-json\/wp\/v2\/users\/3"}],"replies":[{"embeddable":true,"href":"https:\/\/test.wsfc.fr\/index.php\/wp-json\/wp\/v2\/comments?post=242"}],"version-history":[{"count":2,"href":"https:\/\/test.wsfc.fr\/index.php\/wp-json\/wp\/v2\/pages\/242\/revisions"}],"predecessor-version":[{"id":244,"href":"https:\/\/test.wsfc.fr\/index.php\/wp-json\/wp\/v2\/pages\/242\/revisions\/244"}],"wp:attachment":[{"href":"https:\/\/test.wsfc.fr\/index.php\/wp-json\/wp\/v2\/media?parent=242"}],"curies":[{"name":"wp","href":"https:\/\/api.w.org\/{rel}","templated":true}]}}