
{"id":124,"date":"2018-02-18T01:06:24","date_gmt":"2018-02-18T00:06:24","guid":{"rendered":"https:\/\/test.wsfc.fr\/?page_id=124"},"modified":"2018-06-26T14:25:35","modified_gmt":"2018-06-26T13:25:35","slug":"lassociation","status":"publish","type":"page","link":"https:\/\/test.wsfc.fr\/index.php\/lassociation\/","title":{"rendered":"L&rsquo;association"},"content":{"rendered":"<p>Cette association a pour but de promouvoir les m\u00e9tiers \u00e0 travers les Olympiades des M\u00e9tiers et d\u2019apporter son soutien \u00e0 tous les comp\u00e9titeurs et futurs comp\u00e9titeurs des Olympiades des M\u00e9tiers des diff\u00e9rentes R\u00e9gions de France et plus g\u00e9n\u00e9ralement de promouvoir l\u2019amiti\u00e9 et l\u2019entraide entre les membres de l\u2019association, de partager l\u2019exp\u00e9rience acquise par les anciens comp\u00e9titeurs et les futurs comp\u00e9titeurs des Olympiades des M\u00e9tiers, enfin de promouvoir l\u2019image des jeunes et des m\u00e9tiers.<\/p>\n<p>Un de nos objectifs est de proposer \u00e0 nos membres de se retrouver chaque ann\u00e9e lors d\u2019un week-end festif. Afin de garder le contact, proposer diverses missions autour de l\u2019\u00e9v\u00e9nement et de la promotion de nos m\u00e9tier mais aussi prolonger l\u2019exp\u00e9rience WorldSkills au-del\u00e0 de la comp\u00e9tition.<br \/>\nPour faire partie de l\u2019association il faut avoir participer aux Finales Nationales ou internationales des Olympiades des M\u00e9tiers ou bien avoir \u00e9t\u00e9 expert aupr\u00e8s de WorldSkills France.<\/p>\n<p>Le Bureau se r\u00e9serve le droit d\u2019int\u00e9grer des membres bienfaiteurs, c\u2019est-\u00e0-dire des personnes physiques qui ont rendu des services \u00e0 WorldSkills France Champions et qui ont contribu\u00e9 \u00e0 la promotion des m\u00e9tiers ainsi qu\u2019au rayonnement de l\u2019esprit des WorldSkills.<\/p>\n<p>Cr\u00e9\u00e9e le 13 Novembre 2001, l\u2019association AACFOM a \u00e9t\u00e9 fond\u00e9e par 3 anciens candidats aux Olympiades des M\u00e9tiers (S\u00e9oul 2001) et un expert en Peinture Automobile.<\/p>\n<p>Si vous souhaitez avoir plus d\u2019informations sur l\u2019association, n\u2019h\u00e9sitez pas \u00e0 nous contacter par mail:\u00a0<strong>contact@wsfc.fr<\/strong><\/p>\n","protected":false},"excerpt":{"rendered":"<p>Cette association a pour but de promouvoir les m\u00e9tiers \u00e0 travers les Olympiades des M\u00e9tiers et d\u2019apporter son soutien \u00e0 tous les comp\u00e9titeurs et futurs comp\u00e9titeurs des Olympiades des M\u00e9tiers des diff\u00e9rentes R\u00e9gions de France et plus g\u00e9n\u00e9ralement de promouvoir l\u2019amiti\u00e9 et l\u2019entraide entre les membres de l\u2019association, de partager l\u2019exp\u00e9rience acquise par les anciens [&hellip;]<\/p>\n","protected":false},"author":3,"featured_media":0,"parent":0,"menu_order":0,"comment_status":"closed","ping_status":"closed","template":"","meta":[],"_links":{"self":[{"href":"https:\/\/test.wsfc.fr\/index.php\/wp-json\/wp\/v2\/pages\/124"}],"collection":[{"href":"https:\/\/test.wsfc.fr\/index.php\/wp-json\/wp\/v2\/pages"}],"about":[{"href":"https:\/\/test.wsfc.fr\/index.php\/wp-json\/wp\/v2\/types\/page"}],"author":[{"embeddable":true,"href":"https:\/\/test.wsfc.fr\/index.php\/wp-json\/wp\/v2\/users\/3"}],"replies":[{"embeddable":true,"href":"https:\/\/test.wsfc.fr\/index.php\/wp-json\/wp\/v2\/comments?post=124"}],"version-history":[{"count":4,"href":"https:\/\/test.wsfc.fr\/index.php\/wp-json\/wp\/v2\/pages\/124\/revisions"}],"predecessor-version":[{"id":260,"href":"https:\/\/test.wsfc.fr\/index.php\/wp-json\/wp\/v2\/pages\/124\/revisions\/260"}],"wp:attachment":[{"href":"https:\/\/test.wsfc.fr\/index.php\/wp-json\/wp\/v2\/media?parent=124"}],"curies":[{"name":"wp","href":"https:\/\/api.w.org\/{rel}","templated":true}]}}